{"id":2,"date":"2022-10-17T14:33:56","date_gmt":"2022-10-17T14:33:56","guid":{"rendered":"https:\/\/caglarhelvacioglu.com\/?page_id=2"},"modified":"2026-04-07T23:27:57","modified_gmt":"2026-04-07T20:27:57","slug":"home","status":"publish","type":"page","link":"https:\/\/caglarhelvacioglu.com\/en\/","title":{"rendered":"Homepage"},"content":{"rendered":"","protected":false},"excerpt":{"rendered":"","protected":false},"author":1,"featured_media":0,"parent":0,"menu_order":0,"comment_status":"open","ping_status":"closed","template":"","meta":{"footnotes":""},"class_list":["post-2","page","type-page","status-publish","hentry"],"yoast_head":"<!-- This site is optimized with the Yoast SEO plugin v27.3 - https:\/\/yoast.com\/product\/yoast-seo-wordpress\/ -->\n<title>Anasayfa - Do\u00e7. Dr. \u00c7a\u011flar Helvac\u0131o\u011flu<\/title>\n<meta name=\"robots\" content=\"index, follow, max-snippet:-1, max-image-preview:large, max-video-preview:-1\" \/>\n<link rel=\"canonical\" href=\"https:\/\/caglarhelvacioglu.com\/en\/\" \/>\n<meta property=\"og:locale\" content=\"en_US\" \/>\n<meta property=\"og:type\" content=\"article\" \/>\n<meta property=\"og:title\" content=\"Anasayfa - Do\u00e7. Dr. \u00c7a\u011flar Helvac\u0131o\u011flu\" \/>\n<meta property=\"og:url\" content=\"https:\/\/caglarhelvacioglu.com\/en\/\" \/>\n<meta property=\"og:site_name\" content=\"Do\u00e7. Dr. \u00c7a\u011flar Helvac\u0131o\u011flu\" \/>\n<meta property=\"article:modified_time\" content=\"2026-04-07T20:27:57+00:00\" \/>\n<meta name=\"twitter:card\" content=\"summary_large_image\" \/>\n<script type=\"application\/ld+json\" class=\"yoast-schema-graph\">{\"@context\":\"https:\\\/\\\/schema.org\",\"@graph\":[{\"@type\":\"WebPage\",\"@id\":\"https:\\\/\\\/caglarhelvacioglu.com\\\/\",\"url\":\"https:\\\/\\\/caglarhelvacioglu.com\\\/\",\"name\":\"Anasayfa - Do\u00e7. Dr. \u00c7a\u011flar Helvac\u0131o\u011flu\",\"isPartOf\":{\"@id\":\"https:\\\/\\\/caglarhelvacioglu.com\\\/#website\"},\"datePublished\":\"2022-10-17T14:33:56+00:00\",\"dateModified\":\"2026-04-07T20:27:57+00:00\",\"breadcrumb\":{\"@id\":\"https:\\\/\\\/caglarhelvacioglu.com\\\/#breadcrumb\"},\"inLanguage\":\"en-US\",\"potentialAction\":[{\"@type\":\"ReadAction\",\"target\":[\"https:\\\/\\\/caglarhelvacioglu.com\\\/\"]}]},{\"@type\":\"BreadcrumbList\",\"@id\":\"https:\\\/\\\/caglarhelvacioglu.com\\\/#breadcrumb\",\"itemListElement\":[{\"@type\":\"ListItem\",\"position\":1,\"name\":\"Anasayfa\",\"item\":\"https:\\\/\\\/caglarhelvacioglu.com\\\/\"},{\"@type\":\"ListItem\",\"position\":2,\"name\":\"Anasayfa\"}]},{\"@type\":\"WebSite\",\"@id\":\"https:\\\/\\\/caglarhelvacioglu.com\\\/#website\",\"url\":\"https:\\\/\\\/caglarhelvacioglu.com\\\/\",\"name\":\"Do\u00e7. Dr. \u00c7a\u011flar Helvac\u0131o\u011flu\",\"description\":\"Kad\u0131n Sa\u011fl\u0131\u011f\u0131, Do\u011fum, T\u00fcp Bebek\",\"potentialAction\":[{\"@type\":\"SearchAction\",\"target\":{\"@type\":\"EntryPoint\",\"urlTemplate\":\"https:\\\/\\\/caglarhelvacioglu.com\\\/?s={search_term_string}\"},\"query-input\":{\"@type\":\"PropertyValueSpecification\",\"valueRequired\":true,\"valueName\":\"search_term_string\"}}],\"inLanguage\":\"en-US\"}]}<\/script>\n<!-- \/ Yoast SEO plugin. -->","yoast_head_json":{"title":"Homepage - Assoc. Prof. Dr. \u00c7a\u011flar Helvac\u0131o\u011flu","robots":{"index":"index","follow":"follow","max-snippet":"max-snippet:-1","max-image-preview":"max-image-preview:large","max-video-preview":"max-video-preview:-1"},"canonical":"https:\/\/caglarhelvacioglu.com\/en\/","og_locale":"en_US","og_type":"article","og_title":"Anasayfa - Do\u00e7. Dr. \u00c7a\u011flar Helvac\u0131o\u011flu","og_url":"https:\/\/caglarhelvacioglu.com\/en\/","og_site_name":"Do\u00e7. Dr. \u00c7a\u011flar Helvac\u0131o\u011flu","article_modified_time":"2026-04-07T20:27:57+00:00","twitter_card":"summary_large_image","schema":{"@context":"https:\/\/schema.org","@graph":[{"@type":"WebPage","@id":"https:\/\/caglarhelvacioglu.com\/","url":"https:\/\/caglarhelvacioglu.com\/","name":"Homepage - Assoc. Prof. Dr. \u00c7a\u011flar Helvac\u0131o\u011flu","isPartOf":{"@id":"https:\/\/caglarhelvacioglu.com\/#website"},"datePublished":"2022-10-17T14:33:56+00:00","dateModified":"2026-04-07T20:27:57+00:00","breadcrumb":{"@id":"https:\/\/caglarhelvacioglu.com\/#breadcrumb"},"inLanguage":"en-US","potentialAction":[{"@type":"ReadAction","target":["https:\/\/caglarhelvacioglu.com\/"]}]},{"@type":"BreadcrumbList","@id":"https:\/\/caglarhelvacioglu.com\/#breadcrumb","itemListElement":[{"@type":"ListItem","position":1,"name":"Anasayfa","item":"https:\/\/caglarhelvacioglu.com\/"},{"@type":"ListItem","position":2,"name":"Anasayfa"}]},{"@type":"WebSite","@id":"https:\/\/caglarhelvacioglu.com\/#website","url":"https:\/\/caglarhelvacioglu.com\/","name":"Assoc. Prof. Dr. \u00c7a\u011flar Helvac\u0131o\u011flu","description":"Women&#039;s Health, Childbirth, IVF","potentialAction":[{"@type":"SearchAction","target":{"@type":"EntryPoint","urlTemplate":"https:\/\/caglarhelvacioglu.com\/?s={search_term_string}"},"query-input":{"@type":"PropertyValueSpecification","valueRequired":true,"valueName":"search_term_string"}}],"inLanguage":"en-US"}]}},"_links":{"self":[{"href":"https:\/\/caglarhelvacioglu.com\/en\/wp-json\/wp\/v2\/pages\/2","targetHints":{"allow":["GET"]}}],"collection":[{"href":"https:\/\/caglarhelvacioglu.com\/en\/wp-json\/wp\/v2\/pages"}],"about":[{"href":"https:\/\/caglarhelvacioglu.com\/en\/wp-json\/wp\/v2\/types\/page"}],"author":[{"embeddable":true,"href":"https:\/\/caglarhelvacioglu.com\/en\/wp-json\/wp\/v2\/users\/1"}],"replies":[{"embeddable":true,"href":"https:\/\/caglarhelvacioglu.com\/en\/wp-json\/wp\/v2\/comments?post=2"}],"version-history":[{"count":1,"href":"https:\/\/caglarhelvacioglu.com\/en\/wp-json\/wp\/v2\/pages\/2\/revisions"}],"predecessor-version":[{"id":3975,"href":"https:\/\/caglarhelvacioglu.com\/en\/wp-json\/wp\/v2\/pages\/2\/revisions\/3975"}],"wp:attachment":[{"href":"https:\/\/caglarhelvacioglu.com\/en\/wp-json\/wp\/v2\/media?parent=2"}],"curies":[{"name":"wp","href":"https:\/\/api.w.org\/{rel}","templated":true}]}}